{"id":1201,"date":"2025-01-12T19:35:48","date_gmt":"2025-01-12T19:35:48","guid":{"rendered":"https:\/\/saleswork.no\/?page_id=1201"},"modified":"2025-09-26T08:42:00","modified_gmt":"2025-09-26T08:42:00","slug":"motebooking","status":"publish","type":"page","link":"https:\/\/saleswork.no\/?page_id=1201","title":{"rendered":"M\u00f8tebooking"},"content":{"rendered":"\t\t<div data-elementor-type=\"wp-page\" data-elementor-id=\"1201\" class=\"elementor elementor-1201\" data-elementor-post-type=\"page\">\n\t\t\t\t\t\t<header class=\"elementor-section elementor-top-section elementor-element elementor-element-7b58b11c elementor-section-stretched elementor-section-boxed elementor-section-height-default elementor-section-height-default exad-glass-effect-no exad-sticky-section-no\" data-id=\"7b58b11c\" data-element_type=\"section\" data-settings=\"{&quot;stretch_section&quot;:&quot;section-stretched&quot;,&quot;background_background&quot;:&quot;classic&quot;}\">\n\t\t\t\t\t\t\t<div class=\"elementor-background-overlay\"><\/div>\n\t\t\t\t\t\t\t<div class=\"elementor-container elementor-column-gap-default\">\n\t\t\t\t\t<div class=\"elementor-column elementor-col-100 elementor-top-column elementor-element elementor-element-2db7fd6a exad-glass-effect-no exad-sticky-section-no\" data-id=\"2db7fd6a\" data-element_type=\"column\">\n\t\t\t<div class=\"elementor-widget-wrap elementor-element-populated\">\n\t\t\t\t\t\t<div class=\"elementor-element elementor-element-5bc16f6a envato-kit-62-ttl-green exad-sticky-section-no exad-glass-effect-no elementor-invisible elementor-widget elementor-widget-heading\" data-id=\"5bc16f6a\" data-element_type=\"widget\" data-settings=\"{&quot;_animation&quot;:&quot;fadeInDown&quot;,&quot;_animation_delay&quot;:300}\" data-widget_type=\"heading.default\">\n\t\t\t\t<div class=\"elementor-widget-container\">\n\t\t\t\t\t<h6 class=\"elementor-heading-title elementor-size-default\">services<\/h6>\t\t\t\t<\/div>\n\t\t\t\t<\/div>\n\t\t\t\t<div class=\"elementor-element elementor-element-44463fb7 exad-sticky-section-no exad-glass-effect-no elementor-invisible elementor-widget elementor-widget-heading\" data-id=\"44463fb7\" data-element_type=\"widget\" data-settings=\"{&quot;_animation&quot;:&quot;fadeInUp&quot;,&quot;_animation_delay&quot;:600}\" data-widget_type=\"heading.default\">\n\t\t\t\t<div class=\"elementor-widget-container\">\n\t\t\t\t\t<h2 class=\"elementor-heading-title elementor-size-default\">M\u00f8tebooking<\/h2>\t\t\t\t<\/div>\n\t\t\t\t<\/div>\n\t\t\t\t\t<\/div>\n\t\t<\/div>\n\t\t\t\t\t<\/div>\n\t\t<\/header>\n\t\t\t\t<section class=\"elementor-section elementor-top-section elementor-element elementor-element-46d3e9d3 elementor-section-boxed elementor-section-height-default elementor-section-height-default exad-glass-effect-no exad-sticky-section-no elementor-invisible\" data-id=\"46d3e9d3\" data-element_type=\"section\" data-settings=\"{&quot;background_background&quot;:&quot;classic&quot;,&quot;animation&quot;:&quot;fadeInUp&quot;,&quot;animation_delay&quot;:400}\">\n\t\t\t\t\t\t<div class=\"elementor-container elementor-column-gap-default\">\n\t\t\t\t\t<div class=\"elementor-column elementor-col-100 elementor-top-column elementor-element elementor-element-4a546b94 exad-glass-effect-no exad-sticky-section-no\" data-id=\"4a546b94\" data-element_type=\"column\">\n\t\t\t<div class=\"elementor-widget-wrap elementor-element-populated\">\n\t\t\t\t\t\t<section class=\"elementor-section elementor-inner-section elementor-element elementor-element-56f5877 elementor-section-full_width elementor-section-height-default elementor-section-height-default exad-glass-effect-no exad-sticky-section-no\" data-id=\"56f5877\" data-element_type=\"section\" data-settings=\"{&quot;background_background&quot;:&quot;classic&quot;}\">\n\t\t\t\t\t\t<div class=\"elementor-container elementor-column-gap-default\">\n\t\t\t\t\t<div class=\"elementor-column elementor-col-50 elementor-inner-column elementor-element elementor-element-315f6131 exad-glass-effect-no exad-sticky-section-no\" data-id=\"315f6131\" data-element_type=\"column\">\n\t\t\t<div class=\"elementor-widget-wrap elementor-element-populated\">\n\t\t\t\t\t\t<div class=\"elementor-element elementor-element-213a4eae elementor-position-left elementor-vertical-align-top exad-sticky-section-no exad-glass-effect-no elementor-widget elementor-widget-image-box\" data-id=\"213a4eae\" data-element_type=\"widget\" data-widget_type=\"image-box.default\">\n\t\t\t\t<div class=\"elementor-widget-container\">\n\t\t\t\t\t<div class=\"elementor-image-box-wrapper\"><figure class=\"elementor-image-box-img\"><img decoding=\"async\" width=\"120\" height=\"120\" src=\"https:\/\/saleswork.no\/wp-content\/uploads\/2025\/01\/006-digital-marketing-1.png\" class=\"attachment-full size-full wp-image-1098\" alt=\"\" srcset=\"https:\/\/saleswork.no\/wp-content\/uploads\/2025\/01\/006-digital-marketing-1.png 120w, https:\/\/saleswork.no\/wp-content\/uploads\/2025\/01\/006-digital-marketing-1-100x100.png 100w, https:\/\/saleswork.no\/wp-content\/uploads\/2025\/01\/006-digital-marketing-1-96x96.png 96w\" sizes=\"(max-width: 120px) 100vw, 120px\" \/><\/figure><div class=\"elementor-image-box-content\"><span class=\"elementor-image-box-title\">Online Booking<\/span><p class=\"elementor-image-box-description\">Vi tilbyr m\u00f8tebooking digitalt. Dvs at vi lager en strategi som et tilpasset sosiale medier. Enten som en tidsbestemt kampanje  fra dato til dato. Eller som en konkret booking tjeneste. <\/p><\/div><\/div>\t\t\t\t<\/div>\n\t\t\t\t<\/div>\n\t\t\t\t\t<\/div>\n\t\t<\/div>\n\t\t\t\t<div class=\"elementor-column elementor-col-50 elementor-inner-column elementor-element elementor-element-7873a70 exad-glass-effect-no exad-sticky-section-no\" data-id=\"7873a70\" data-element_type=\"column\">\n\t\t\t<div class=\"elementor-widget-wrap elementor-element-populated\">\n\t\t\t\t\t\t<div class=\"elementor-element elementor-element-4d6d2631 elementor-position-left elementor-vertical-align-top exad-sticky-section-no exad-glass-effect-no elementor-widget elementor-widget-image-box\" data-id=\"4d6d2631\" data-element_type=\"widget\" data-widget_type=\"image-box.default\">\n\t\t\t\t<div class=\"elementor-widget-container\">\n\t\t\t\t\t<div class=\"elementor-image-box-wrapper\"><figure class=\"elementor-image-box-img\"><img decoding=\"async\" width=\"120\" height=\"120\" src=\"https:\/\/saleswork.no\/wp-content\/uploads\/2025\/01\/008-email-marketing-1.png\" class=\"attachment-full size-full wp-image-1100\" alt=\"\" srcset=\"https:\/\/saleswork.no\/wp-content\/uploads\/2025\/01\/008-email-marketing-1.png 120w, https:\/\/saleswork.no\/wp-content\/uploads\/2025\/01\/008-email-marketing-1-100x100.png 100w, https:\/\/saleswork.no\/wp-content\/uploads\/2025\/01\/008-email-marketing-1-96x96.png 96w\" sizes=\"(max-width: 120px) 100vw, 120px\" \/><\/figure><div class=\"elementor-image-box-content\"><span class=\"elementor-image-box-title\">email marketing<\/span><p class=\"elementor-image-box-description\">Vi kan utf\u00f8re booking via e post markedsf\u00f8ring ved \u00e5 sende ut epost til potensielle kunder. <\/p><\/div><\/div>\t\t\t\t<\/div>\n\t\t\t\t<\/div>\n\t\t\t\t\t<\/div>\n\t\t<\/div>\n\t\t\t\t\t<\/div>\n\t\t<\/section>\n\t\t\t\t<section class=\"elementor-section elementor-inner-section elementor-element elementor-element-21348d5f elementor-section-full_width elementor-section-height-default elementor-section-height-default exad-glass-effect-no exad-sticky-section-no\" data-id=\"21348d5f\" data-element_type=\"section\" data-settings=\"{&quot;background_background&quot;:&quot;classic&quot;}\">\n\t\t\t\t\t\t<div class=\"elementor-container elementor-column-gap-default\">\n\t\t\t\t\t<div class=\"elementor-column elementor-col-50 elementor-inner-column elementor-element elementor-element-7a10767d exad-glass-effect-no exad-sticky-section-no\" data-id=\"7a10767d\" data-element_type=\"column\">\n\t\t\t<div class=\"elementor-widget-wrap elementor-element-populated\">\n\t\t\t\t\t\t<div class=\"elementor-element elementor-element-3244c478 elementor-position-left elementor-vertical-align-top exad-sticky-section-no exad-glass-effect-no elementor-widget elementor-widget-image-box\" data-id=\"3244c478\" data-element_type=\"widget\" data-widget_type=\"image-box.default\">\n\t\t\t\t<div class=\"elementor-widget-container\">\n\t\t\t\t\t<div class=\"elementor-image-box-wrapper\"><figure class=\"elementor-image-box-img\"><img decoding=\"async\" width=\"120\" height=\"120\" src=\"https:\/\/saleswork.no\/wp-content\/uploads\/2025\/01\/009-strategy-1.png\" class=\"attachment-full size-full wp-image-1101\" alt=\"\" srcset=\"https:\/\/saleswork.no\/wp-content\/uploads\/2025\/01\/009-strategy-1.png 120w, https:\/\/saleswork.no\/wp-content\/uploads\/2025\/01\/009-strategy-1-100x100.png 100w, https:\/\/saleswork.no\/wp-content\/uploads\/2025\/01\/009-strategy-1-96x96.png 96w\" sizes=\"(max-width: 120px) 100vw, 120px\" \/><\/figure><div class=\"elementor-image-box-content\"><span class=\"elementor-image-box-title\">Aktiv m\u00f8tebooking<\/span><p class=\"elementor-image-box-description\">Vi utf\u00f8rer aktiv m\u00f8tebooking ved \u00e5 ringe potensielle kunder, b\u00e5de varme og kalde for \u00e5 booke et m\u00f8te. <\/p><\/div><\/div>\t\t\t\t<\/div>\n\t\t\t\t<\/div>\n\t\t\t\t\t<\/div>\n\t\t<\/div>\n\t\t\t\t<div class=\"elementor-column elementor-col-50 elementor-inner-column elementor-element elementor-element-317b3fe8 exad-glass-effect-no exad-sticky-section-no\" data-id=\"317b3fe8\" data-element_type=\"column\">\n\t\t\t<div class=\"elementor-widget-wrap elementor-element-populated\">\n\t\t\t\t\t\t<div class=\"elementor-element elementor-element-5b35760a elementor-position-left elementor-vertical-align-top exad-sticky-section-no exad-glass-effect-no elementor-widget elementor-widget-image-box\" data-id=\"5b35760a\" data-element_type=\"widget\" data-widget_type=\"image-box.default\">\n\t\t\t\t<div class=\"elementor-widget-container\">\n\t\t\t\t\t<div class=\"elementor-image-box-wrapper\"><figure class=\"elementor-image-box-img\"><img loading=\"lazy\" decoding=\"async\" width=\"120\" height=\"120\" src=\"https:\/\/saleswork.no\/wp-content\/uploads\/2025\/01\/012-funnel-1.png\" class=\"attachment-full size-full wp-image-1103\" alt=\"\" srcset=\"https:\/\/saleswork.no\/wp-content\/uploads\/2025\/01\/012-funnel-1.png 120w, https:\/\/saleswork.no\/wp-content\/uploads\/2025\/01\/012-funnel-1-100x100.png 100w, https:\/\/saleswork.no\/wp-content\/uploads\/2025\/01\/012-funnel-1-96x96.png 96w\" sizes=\"(max-width: 120px) 100vw, 120px\" \/><\/figure><div class=\"elementor-image-box-content\"><span class=\"elementor-image-box-title\">Innbound Booking<\/span><p class=\"elementor-image-box-description\">Vi kan h\u00e5ndtere prosessene med inbound booking b\u00e5de med software og med fysiske personer. <\/p><\/div><\/div>\t\t\t\t<\/div>\n\t\t\t\t<\/div>\n\t\t\t\t\t<\/div>\n\t\t<\/div>\n\t\t\t\t\t<\/div>\n\t\t<\/section>\n\t\t\t\t\t<\/div>\n\t\t<\/div>\n\t\t\t\t\t<\/div>\n\t\t<\/section>\n\t\t\t\t<section class=\"elementor-section elementor-top-section elementor-element elementor-element-75c44bfb elementor-section-boxed elementor-section-height-default elementor-section-height-default exad-glass-effect-no exad-sticky-section-no\" data-id=\"75c44bfb\" data-element_type=\"section\" data-settings=\"{&quot;background_background&quot;:&quot;classic&quot;}\">\n\t\t\t\t\t\t<div class=\"elementor-container elementor-column-gap-default\">\n\t\t\t\t\t<div class=\"elementor-column elementor-col-100 elementor-top-column elementor-element elementor-element-54b0af5f exad-glass-effect-no exad-sticky-section-no\" data-id=\"54b0af5f\" data-element_type=\"column\">\n\t\t\t<div class=\"elementor-widget-wrap elementor-element-populated\">\n\t\t\t\t\t\t<div class=\"elementor-element elementor-element-703c58bc exad-sticky-section-no exad-glass-effect-no elementor-invisible elementor-widget elementor-widget-heading\" data-id=\"703c58bc\" data-element_type=\"widget\" data-settings=\"{&quot;_animation&quot;:&quot;zoomIn&quot;}\" data-widget_type=\"heading.default\">\n\t\t\t\t<div class=\"elementor-widget-container\">\n\t\t\t\t\t<h2 class=\"elementor-heading-title elementor-size-default\">Saleswork tar den tidkrevende m\u00f8tebookingen for dere!<\/h2>\t\t\t\t<\/div>\n\t\t\t\t<\/div>\n\t\t\t\t<div class=\"elementor-element elementor-element-1ee5e1e8 exad-sticky-section-no exad-glass-effect-no elementor-invisible elementor-widget elementor-widget-text-editor\" data-id=\"1ee5e1e8\" data-element_type=\"widget\" data-settings=\"{&quot;_animation&quot;:&quot;fadeIn&quot;,&quot;_animation_delay&quot;:400}\" data-widget_type=\"text-editor.default\">\n\t\t\t\t<div class=\"elementor-widget-container\">\n\t\t\t\t\t\t\t\t\t<p>Det \u00e5 drive en bedrift i dag, krever nesten uten unntak, at man har et kundegrunnlag. En av m\u00e5tene for \u00e5 f\u00e5 kunder, er og booke m\u00f8ter ved \u00e5 opps\u00f8ke kunden. Dette er en<strong> tidkrevende<\/strong> prosess, som du som er bedriftsleder og fagspesialist, ikke har kompetanse eller tid til \u00e5 utf\u00f8re.<\/p><p>Dette ommhandler og l\u00f8fte telefonen og ringe kaldt. Dette omhandler \u00e5 lage aktiviteter p\u00e5 sosiale medier. Dette omhandler \u00e5 lage prossesser i multikanaler for \u00e5 tiltrekke seg kunder.<\/p><p>\u00c5 tiltrekke seg en kunde, vil kreve en aktiv handling. Man kan sitte \u00e5 vente, men da vil det ta ekstremt lang tid for \u00e5 oppn\u00e5 suksess.<\/p><p>Vi l\u00f8ser disse problemene for deg ved at vi i SalesWork tar disse prosessene for deg.<\/p><p>Vi tilpasser alle prosessene til hver kunde og du vil kunne justere underveis.<\/p><p>V\u00e5rt m\u00e5l er at dere skal f\u00e5 antall \u00f8nskede m\u00f8ter som vil gi dere suksess.<\/p>\t\t\t\t\t\t\t\t<\/div>\n\t\t\t\t<\/div>\n\t\t\t\t\t<\/div>\n\t\t<\/div>\n\t\t\t\t\t<\/div>\n\t\t<\/section>\n\t\t\t\t<section class=\"elementor-section elementor-top-section elementor-element elementor-element-dc9fac9 elementor-section-boxed elementor-section-height-default elementor-section-height-default exad-glass-effect-no exad-sticky-section-no\" data-id=\"dc9fac9\" data-element_type=\"section\">\n\t\t\t\t\t\t<div class=\"elementor-container elementor-column-gap-default\">\n\t\t\t\t\t<div class=\"elementor-column elementor-col-100 elementor-top-column elementor-element elementor-element-5271f15 exad-glass-effect-no exad-sticky-section-no\" data-id=\"5271f15\" data-element_type=\"column\">\n\t\t\t<div class=\"elementor-widget-wrap elementor-element-populated\">\n\t\t\t\t\t\t<div class=\"elementor-element elementor-element-46de9c7 exad-sticky-section-no exad-glass-effect-no elementor-widget elementor-widget-heading\" data-id=\"46de9c7\" data-element_type=\"widget\" data-widget_type=\"heading.default\">\n\t\t\t\t<div class=\"elementor-widget-container\">\n\t\t\t\t\t<h2 class=\"elementor-heading-title elementor-size-default\">Bruk tid p\u00e5 salgsm\u00f8ter ikke p\u00e5 \u00e5 booke de<\/h2>\t\t\t\t<\/div>\n\t\t\t\t<\/div>\n\t\t\t\t\t<\/div>\n\t\t<\/div>\n\t\t\t\t\t<\/div>\n\t\t<\/section>\n\t\t\t\t<section class=\"elementor-section elementor-top-section elementor-element elementor-element-367eac87 elementor-section-boxed elementor-section-height-default elementor-section-height-default exad-glass-effect-no exad-sticky-section-no\" data-id=\"367eac87\" data-element_type=\"section\" data-settings=\"{&quot;background_background&quot;:&quot;classic&quot;}\">\n\t\t\t\t\t\t<div class=\"elementor-container elementor-column-gap-default\">\n\t\t\t\t\t<div class=\"elementor-column elementor-col-100 elementor-top-column elementor-element elementor-element-1ccefd5a exad-glass-effect-no exad-sticky-section-no\" data-id=\"1ccefd5a\" data-element_type=\"column\">\n\t\t\t<div class=\"elementor-widget-wrap elementor-element-populated\">\n\t\t\t\t\t\t<section class=\"elementor-section elementor-inner-section elementor-element elementor-element-4805ebbb elementor-section-full_width elementor-section-height-default elementor-section-height-default exad-glass-effect-no exad-sticky-section-no\" data-id=\"4805ebbb\" data-element_type=\"section\">\n\t\t\t\t\t\t<div class=\"elementor-container elementor-column-gap-default\">\n\t\t\t\t\t<div class=\"elementor-column elementor-col-33 elementor-inner-column elementor-element elementor-element-29a3be1f exad-glass-effect-no exad-sticky-section-no elementor-invisible\" data-id=\"29a3be1f\" data-element_type=\"column\" data-settings=\"{&quot;animation&quot;:&quot;fadeInLeft&quot;,&quot;animation_delay&quot;:400}\">\n\t\t\t<div class=\"elementor-widget-wrap elementor-element-populated\">\n\t\t\t\t\t\t<div class=\"elementor-element elementor-element-2711187f exad-sticky-section-no exad-glass-effect-no elementor-widget elementor-widget-image\" data-id=\"2711187f\" data-element_type=\"widget\" data-widget_type=\"image.default\">\n\t\t\t\t<div class=\"elementor-widget-container\">\n\t\t\t\t\t\t\t\t\t\t\t\t\t\t\t<img loading=\"lazy\" decoding=\"async\" width=\"500\" height=\"500\" src=\"https:\/\/saleswork.no\/wp-content\/uploads\/2023\/06\/Testimonial-3.jpg\" class=\"elementor-animation-shrink attachment-full size-full wp-image-397\" alt=\"\" srcset=\"https:\/\/saleswork.no\/wp-content\/uploads\/2023\/06\/Testimonial-3.jpg 500w, https:\/\/saleswork.no\/wp-content\/uploads\/2023\/06\/Testimonial-3-300x300.jpg 300w, https:\/\/saleswork.no\/wp-content\/uploads\/2023\/06\/Testimonial-3-100x100.jpg 100w, https:\/\/saleswork.no\/wp-content\/uploads\/2023\/06\/Testimonial-3-150x150.jpg 150w\" sizes=\"(max-width: 500px) 100vw, 500px\" \/>\t\t\t\t\t\t\t\t\t\t\t\t\t\t\t<\/div>\n\t\t\t\t<\/div>\n\t\t\t\t<div class=\"elementor-element elementor-element-10f59d7f exad-sticky-section-no exad-glass-effect-no elementor-widget elementor-widget-heading\" data-id=\"10f59d7f\" data-element_type=\"widget\" data-widget_type=\"heading.default\">\n\t\t\t\t<div class=\"elementor-widget-container\">\n\t\t\t\t\t<h3 class=\"elementor-heading-title elementor-size-default\">Fast booking partner<\/h3>\t\t\t\t<\/div>\n\t\t\t\t<\/div>\n\t\t\t\t<div class=\"elementor-element elementor-element-106d659b exad-sticky-section-no exad-glass-effect-no elementor-widget elementor-widget-text-editor\" data-id=\"106d659b\" data-element_type=\"widget\" data-widget_type=\"text-editor.default\">\n\t\t\t\t<div class=\"elementor-widget-container\">\n\t\t\t\t\t\t\t\t\t<p>La oss v\u00e6re din faste booking partner ved \u00e5 f\u00e5 faste m\u00f8ter hver m\u00e5ned gjennom hele \u00e5ret. Vi fyller opp kalenderen for dine selgere. <\/p>\t\t\t\t\t\t\t\t<\/div>\n\t\t\t\t<\/div>\n\t\t\t\t\t<\/div>\n\t\t<\/div>\n\t\t\t\t<div class=\"elementor-column elementor-col-33 elementor-inner-column elementor-element elementor-element-312db0fe exad-glass-effect-no exad-sticky-section-no elementor-invisible\" data-id=\"312db0fe\" data-element_type=\"column\" data-settings=\"{&quot;animation&quot;:&quot;fadeInUp&quot;,&quot;animation_delay&quot;:400}\">\n\t\t\t<div class=\"elementor-widget-wrap elementor-element-populated\">\n\t\t\t\t\t\t<div class=\"elementor-element elementor-element-3a89f3b7 exad-sticky-section-no exad-glass-effect-no elementor-widget elementor-widget-image\" data-id=\"3a89f3b7\" data-element_type=\"widget\" data-widget_type=\"image.default\">\n\t\t\t\t<div class=\"elementor-widget-container\">\n\t\t\t\t\t\t\t\t\t\t\t\t\t\t\t<img loading=\"lazy\" decoding=\"async\" width=\"500\" height=\"500\" src=\"https:\/\/saleswork.no\/wp-content\/uploads\/2023\/06\/Testimonial-1.jpg\" class=\"elementor-animation-shrink attachment-full size-full wp-image-396\" alt=\"\" srcset=\"https:\/\/saleswork.no\/wp-content\/uploads\/2023\/06\/Testimonial-1.jpg 500w, https:\/\/saleswork.no\/wp-content\/uploads\/2023\/06\/Testimonial-1-300x300.jpg 300w, https:\/\/saleswork.no\/wp-content\/uploads\/2023\/06\/Testimonial-1-100x100.jpg 100w, https:\/\/saleswork.no\/wp-content\/uploads\/2023\/06\/Testimonial-1-150x150.jpg 150w\" sizes=\"(max-width: 500px) 100vw, 500px\" \/>\t\t\t\t\t\t\t\t\t\t\t\t\t\t\t<\/div>\n\t\t\t\t<\/div>\n\t\t\t\t<div class=\"elementor-element elementor-element-599620ee exad-sticky-section-no exad-glass-effect-no elementor-widget elementor-widget-heading\" data-id=\"599620ee\" data-element_type=\"widget\" data-widget_type=\"heading.default\">\n\t\t\t\t<div class=\"elementor-widget-container\">\n\t\t\t\t\t<h3 class=\"elementor-heading-title elementor-size-default\">M\u00e5lbooking<\/h3>\t\t\t\t<\/div>\n\t\t\t\t<\/div>\n\t\t\t\t<div class=\"elementor-element elementor-element-500c69dc exad-sticky-section-no exad-glass-effect-no elementor-widget elementor-widget-text-editor\" data-id=\"500c69dc\" data-element_type=\"widget\" data-widget_type=\"text-editor.default\">\n\t\t\t\t<div class=\"elementor-widget-container\">\n\t\t\t\t\t\t\t\t\t<p>La oss l\u00f8fte din bedrift ved og booke et fastsatt antall m\u00f8ter.<\/p><p>Dere har kapasitet til x antall m\u00f8ter og vi fyller deres kalender for dere.<\/p>\t\t\t\t\t\t\t\t<\/div>\n\t\t\t\t<\/div>\n\t\t\t\t\t<\/div>\n\t\t<\/div>\n\t\t\t\t<div class=\"elementor-column elementor-col-33 elementor-inner-column elementor-element elementor-element-52ce5d54 exad-glass-effect-no exad-sticky-section-no elementor-invisible\" data-id=\"52ce5d54\" data-element_type=\"column\" data-settings=\"{&quot;animation&quot;:&quot;fadeInRight&quot;,&quot;animation_delay&quot;:400}\">\n\t\t\t<div class=\"elementor-widget-wrap elementor-element-populated\">\n\t\t\t\t\t\t<div class=\"elementor-element elementor-element-4ad4c668 exad-sticky-section-no exad-glass-effect-no elementor-widget elementor-widget-image\" data-id=\"4ad4c668\" data-element_type=\"widget\" data-widget_type=\"image.default\">\n\t\t\t\t<div class=\"elementor-widget-container\">\n\t\t\t\t\t\t\t\t\t\t\t\t\t\t\t<img loading=\"lazy\" decoding=\"async\" width=\"500\" height=\"500\" src=\"https:\/\/saleswork.no\/wp-content\/uploads\/2023\/06\/Testimonial-4.jpg\" class=\"elementor-animation-shrink attachment-full size-full wp-image-398\" alt=\"\" srcset=\"https:\/\/saleswork.no\/wp-content\/uploads\/2023\/06\/Testimonial-4.jpg 500w, https:\/\/saleswork.no\/wp-content\/uploads\/2023\/06\/Testimonial-4-300x300.jpg 300w, https:\/\/saleswork.no\/wp-content\/uploads\/2023\/06\/Testimonial-4-100x100.jpg 100w, https:\/\/saleswork.no\/wp-content\/uploads\/2023\/06\/Testimonial-4-150x150.jpg 150w\" sizes=\"(max-width: 500px) 100vw, 500px\" \/>\t\t\t\t\t\t\t\t\t\t\t\t\t\t\t<\/div>\n\t\t\t\t<\/div>\n\t\t\t\t<div class=\"elementor-element elementor-element-d729e63 exad-sticky-section-no exad-glass-effect-no elementor-widget elementor-widget-heading\" data-id=\"d729e63\" data-element_type=\"widget\" data-widget_type=\"heading.default\">\n\t\t\t\t<div class=\"elementor-widget-container\">\n\t\t\t\t\t<h3 class=\"elementor-heading-title elementor-size-default\">Lei M\u00f8tebooker<\/h3>\t\t\t\t<\/div>\n\t\t\t\t<\/div>\n\t\t\t\t<div class=\"elementor-element elementor-element-7f8388b exad-sticky-section-no exad-glass-effect-no elementor-widget elementor-widget-text-editor\" data-id=\"7f8388b\" data-element_type=\"widget\" data-widget_type=\"text-editor.default\">\n\t\t\t\t<div class=\"elementor-widget-container\">\n\t\t\t\t\t\t\t\t\t<p>Lei inn m\u00f8tebookere som har kompetanse og erfaring som kan jobbe hos dere. Da har du utviklings kontroll selv.<\/p>\t\t\t\t\t\t\t\t<\/div>\n\t\t\t\t<\/div>\n\t\t\t\t\t<\/div>\n\t\t<\/div>\n\t\t\t\t\t<\/div>\n\t\t<\/section>\n\t\t\t\t\t<\/div>\n\t\t<\/div>\n\t\t\t\t\t<\/div>\n\t\t<\/section>\n\t\t\t\t<section class=\"elementor-section elementor-top-section elementor-element elementor-element-510f3f27 elementor-section-content-middle elementor-reverse-tablet elementor-reverse-mobile elementor-section-boxed elementor-section-height-default elementor-section-height-default exad-glass-effect-no exad-sticky-section-no\" data-id=\"510f3f27\" data-element_type=\"section\" data-settings=\"{&quot;background_background&quot;:&quot;classic&quot;}\">\n\t\t\t\t\t\t<div class=\"elementor-container elementor-column-gap-no\">\n\t\t\t\t\t<div class=\"elementor-column elementor-col-100 elementor-top-column elementor-element elementor-element-150dd6de exad-glass-effect-no exad-sticky-section-no\" data-id=\"150dd6de\" data-element_type=\"column\">\n\t\t\t<div class=\"elementor-widget-wrap elementor-element-populated\">\n\t\t\t\t\t\t<div class=\"elementor-element elementor-element-38fe6581 exad-sticky-section-no exad-glass-effect-no elementor-widget elementor-widget-heading\" data-id=\"38fe6581\" data-element_type=\"widget\" data-widget_type=\"heading.default\">\n\t\t\t\t<div class=\"elementor-widget-container\">\n\t\t\t\t\t<h3 class=\"elementor-heading-title elementor-size-default\">\u00d8nsker du flere m\u00f8ter og fylle opp din kalender?!<\/h3>\t\t\t\t<\/div>\n\t\t\t\t<\/div>\n\t\t\t\t<div class=\"elementor-element elementor-element-731db46f exad-sticky-section-no exad-glass-effect-no elementor-widget elementor-widget-text-editor\" data-id=\"731db46f\" data-element_type=\"widget\" data-widget_type=\"text-editor.default\">\n\t\t\t\t<div class=\"elementor-widget-container\">\n\t\t\t\t\t\t\t\t\t<p>Kontakt oss idag, vi vil gjerne h\u00f8re mer om deres selskap og ta en prat om hvordan vi kan hjelpe med suksess.<\/p>\t\t\t\t\t\t\t\t<\/div>\n\t\t\t\t<\/div>\n\t\t\t\t<div class=\"elementor-element elementor-element-4cb8e7a5 elementor-mobile-align-center elementor-align-center exad-sticky-section-no exad-glass-effect-no elementor-widget elementor-widget-button\" data-id=\"4cb8e7a5\" data-element_type=\"widget\" data-widget_type=\"button.default\">\n\t\t\t\t<div class=\"elementor-widget-container\">\n\t\t\t\t\t\t\t\t\t<div class=\"elementor-button-wrapper\">\n\t\t\t\t\t<a class=\"elementor-button elementor-button-link elementor-size-sm\" href=\"https:\/\/saleswork.no\/?page_id=626&#038;preview_id=626&#038;preview_nonce=bbebcd5f3b&#038;preview=true\">\n\t\t\t\t\t\t<span class=\"elementor-button-content-wrapper\">\n\t\t\t\t\t\t\t\t\t<span class=\"elementor-button-text\">Kontakt oss<\/span>\n\t\t\t\t\t<\/span>\n\t\t\t\t\t<\/a>\n\t\t\t\t<\/div>\n\t\t\t\t\t\t\t\t<\/div>\n\t\t\t\t<\/div>\n\t\t\t\t\t<\/div>\n\t\t<\/div>\n\t\t\t\t\t<\/div>\n\t\t<\/section>\n\t\t\t\t<\/div>\n\t\t","protected":false},"excerpt":{"rendered":"<p>services M\u00f8tebooking Online Booking Vi tilbyr m\u00f8tebooking digitalt. Dvs at vi lager en strategi som et tilpasset sosiale medier. Enten som en tidsbestemt kampanje fra dato til dato. Eller som en konkret booking tjeneste. email marketing Vi kan utf\u00f8re booking via e post markedsf\u00f8ring ved \u00e5 sende ut epost til potensielle kunder. Aktiv m\u00f8tebooking Vi [&hellip;]<\/p>\n","protected":false},"author":1,"featured_media":0,"parent":0,"menu_order":0,"comment_status":"closed","ping_status":"closed","template":"","meta":{"_acf_changed":false,"footnotes":""},"class_list":["post-1201","page","type-page","status-publish","hentry"],"acf":[],"_links":{"self":[{"href":"https:\/\/saleswork.no\/index.php?rest_route=\/wp\/v2\/pages\/1201","targetHints":{"allow":["GET"]}}],"collection":[{"href":"https:\/\/saleswork.no\/index.php?rest_route=\/wp\/v2\/pages"}],"about":[{"href":"https:\/\/saleswork.no\/index.php?rest_route=\/wp\/v2\/types\/page"}],"author":[{"embeddable":true,"href":"https:\/\/saleswork.no\/index.php?rest_route=\/wp\/v2\/users\/1"}],"replies":[{"embeddable":true,"href":"https:\/\/saleswork.no\/index.php?rest_route=%2Fwp%2Fv2%2Fcomments&post=1201"}],"version-history":[{"count":27,"href":"https:\/\/saleswork.no\/index.php?rest_route=\/wp\/v2\/pages\/1201\/revisions"}],"predecessor-version":[{"id":1571,"href":"https:\/\/saleswork.no\/index.php?rest_route=\/wp\/v2\/pages\/1201\/revisions\/1571"}],"wp:attachment":[{"href":"https:\/\/saleswork.no\/index.php?rest_route=%2Fwp%2Fv2%2Fmedia&parent=1201"}],"curies":[{"name":"wp","href":"https:\/\/api.w.org\/{rel}","templated":true}]}}